{"id":2752,"date":"2026-03-16T16:02:18","date_gmt":"2026-03-16T16:02:18","guid":{"rendered":"https:\/\/basatigernika.rkinformatika.online\/?page_id=2752"},"modified":"2026-03-17T08:37:53","modified_gmt":"2026-03-17T08:37:53","slug":"desayuno","status":"publish","type":"page","link":"https:\/\/basatigernika.com\/eu\/desayuno\/","title":{"rendered":"DESAYUNO"},"content":{"rendered":"<div data-elementor-type=\"wp-page\" data-elementor-id=\"2752\" class=\"elementor elementor-2752\" data-elementor-post-type=\"page\">\n\t\t\t\t<div class=\"elementor-element elementor-element-155f21c e-flex e-con-boxed e-con e-parent\" data-id=\"155f21c\" data-element_type=\"container\" data-e-type=\"container\" data-settings=\"{&quot;background_background&quot;:&quot;classic&quot;}\">\n\t\t\t\t\t<div class=\"e-con-inner\">\n\t\t<div class=\"elementor-element elementor-element-06e4948 e-con-full e-flex e-con e-child\" data-id=\"06e4948\" data-element_type=\"container\" data-e-type=\"container\">\n\t\t\t\t<div class=\"elementor-element elementor-element-27280eb elementor-widget elementor-widget-heading\" data-id=\"27280eb\" data-element_type=\"widget\" data-e-type=\"widget\" data-widget_type=\"heading.default\">\n\t\t\t\t<div class=\"elementor-widget-container\">\n\t\t\t\t\t<h2 class=\"elementor-heading-title elementor-size-default\">Los pintxos de siempre\u2026. Y alguno m\u00e1s:<\/h2>\t\t\t\t<\/div>\n\t\t\t\t<\/div>\n\t\t\t\t<div class=\"elementor-element elementor-element-c0ec337 elementor-widget elementor-widget-text-editor\" data-id=\"c0ec337\" data-element_type=\"widget\" data-e-type=\"widget\" data-widget_type=\"text-editor.default\">\n\t\t\t\t<div class=\"elementor-widget-container\">\n\t\t\t\t\t\t\t\t\t<p>Disfruta de una amplia variedad de pintxos elaborados al momento, combinando tradici\u00f3n e innovaci\u00f3n en cada bocado<\/p>\t\t\t\t\t\t\t\t<\/div>\n\t\t\t\t<\/div>\n\t\t\t\t<\/div>\n\t\t<div class=\"elementor-element elementor-element-84c3572 e-con-full e-flex e-con e-child\" data-id=\"84c3572\" data-element_type=\"container\" data-e-type=\"container\">\n\t\t\t\t<div class=\"elementor-element elementor-element-bce1b9f elementor-widget elementor-widget-image\" data-id=\"bce1b9f\" data-element_type=\"widget\" data-e-type=\"widget\" data-widget_type=\"image.default\">\n\t\t\t\t<div class=\"elementor-widget-container\">\n\t\t\t\t\t\t\t\t\t\t\t\t\t\t\t<img decoding=\"async\" src=\"https:\/\/basatigernika.com\/wp-content\/plugins\/elementor\/assets\/images\/placeholder.png\" title=\"DESAYUNO\" alt=\"Placeholder\" loading=\"lazy\">\t\t\t\t\t\t\t\t\t\t\t\t\t\t\t<\/div>\n\t\t\t\t<\/div>\n\t\t\t\t<\/div>\n\t\t<div class=\"elementor-element elementor-element-3ab2957 e-con-full e-flex e-con e-child\" data-id=\"3ab2957\" data-element_type=\"container\" data-e-type=\"container\">\n\t\t\t\t<div class=\"elementor-element elementor-element-bea80cf elementor-widget elementor-widget-image\" data-id=\"bea80cf\" data-element_type=\"widget\" data-e-type=\"widget\" data-widget_type=\"image.default\">\n\t\t\t\t<div class=\"elementor-widget-container\">\n\t\t\t\t\t\t\t\t\t\t\t\t\t\t\t<img decoding=\"async\" src=\"https:\/\/basatigernika.com\/wp-content\/plugins\/elementor\/assets\/images\/placeholder.png\" title=\"DESAYUNO\" alt=\"Placeholder\" loading=\"lazy\">\t\t\t\t\t\t\t\t\t\t\t\t\t\t\t<\/div>\n\t\t\t\t<\/div>\n\t\t\t\t<\/div>\n\t\t<div class=\"elementor-element elementor-element-424229f e-con-full e-flex e-con e-child\" data-id=\"424229f\" data-element_type=\"container\" data-e-type=\"container\">\n\t\t\t\t<div class=\"elementor-element elementor-element-06d8ec2 elementor-widget elementor-widget-heading\" data-id=\"06d8ec2\" data-element_type=\"widget\" data-e-type=\"widget\" data-widget_type=\"heading.default\">\n\t\t\t\t<div class=\"elementor-widget-container\">\n\t\t\t\t\t<h2 class=\"elementor-heading-title elementor-size-default\">Tortillas variadas, desde la cl\u00e1sica tortilla espa\u00f1ola<\/h2>\t\t\t\t<\/div>\n\t\t\t\t<\/div>\n\t\t\t\t<div class=\"elementor-element elementor-element-07defe4 elementor-widget elementor-widget-text-editor\" data-id=\"07defe4\" data-element_type=\"widget\" data-e-type=\"widget\" data-widget_type=\"text-editor.default\">\n\t\t\t\t<div class=\"elementor-widget-container\">\n\t\t\t\t\t\t\t\t\t<p>con o sin cebolla (el debate mundial sigue abierto) hasta nuestra espectacular tortilla de tinta de calamar con txopitos y salsa alioli, una propuesta diferente que no deja indiferente a nadie<\/p>\t\t\t\t\t\t\t\t<\/div>\n\t\t\t\t<\/div>\n\t\t\t\t<\/div>\n\t\t\t\t\t<\/div>\n\t\t\t\t<\/div>\n\t\t<div class=\"elementor-element elementor-element-203e22b e-flex e-con-boxed e-con e-parent\" data-id=\"203e22b\" data-element_type=\"container\" data-e-type=\"container\" data-settings=\"{&quot;background_background&quot;:&quot;classic&quot;}\">\n\t\t\t\t\t<div class=\"e-con-inner\">\n\t\t<div class=\"elementor-element elementor-element-51d030a e-con-full e-flex e-con e-child\" data-id=\"51d030a\" data-element_type=\"container\" data-e-type=\"container\">\n\t\t\t\t<div class=\"elementor-element elementor-element-c0c61a4 elementor-widget elementor-widget-heading\" data-id=\"c0c61a4\" data-element_type=\"widget\" data-e-type=\"widget\" data-widget_type=\"heading.default\">\n\t\t\t\t<div class=\"elementor-widget-container\">\n\t\t\t\t\t<h2 class=\"elementor-heading-title elementor-size-default\">Bocadillitos para todos los gustos<\/h2>\t\t\t\t<\/div>\n\t\t\t\t<\/div>\n\t\t\t\t<div class=\"elementor-element elementor-element-fefcfbd elementor-widget elementor-widget-text-editor\" data-id=\"fefcfbd\" data-element_type=\"widget\" data-e-type=\"widget\" data-widget_type=\"text-editor.default\">\n\t\t\t\t<div class=\"elementor-widget-container\">\n\t\t\t\t\t\t\t\t\t<p>de jam\u00f3n, lomo o bacon, cl\u00e1sicos s\u00e1ndwiches mixtos con huevo y, para los m\u00e1s atrevidos, nuestro s\u00e1ndwich de pulpo.<\/p>\t\t\t\t\t\t\t\t<\/div>\n\t\t\t\t<\/div>\n\t\t\t\t<\/div>\n\t\t<div class=\"elementor-element elementor-element-ea1b81f e-con-full e-flex e-con e-child\" data-id=\"ea1b81f\" data-element_type=\"container\" data-e-type=\"container\">\n\t\t\t\t<div class=\"elementor-element elementor-element-02bc54d elementor-widget elementor-widget-image\" data-id=\"02bc54d\" data-element_type=\"widget\" data-e-type=\"widget\" data-widget_type=\"image.default\">\n\t\t\t\t<div class=\"elementor-widget-container\">\n\t\t\t\t\t\t\t\t\t\t\t\t\t\t\t<img decoding=\"async\" src=\"https:\/\/basatigernika.com\/wp-content\/plugins\/elementor\/assets\/images\/placeholder.png\" title=\"DESAYUNO\" alt=\"Placeholder\" loading=\"lazy\">\t\t\t\t\t\t\t\t\t\t\t\t\t\t\t<\/div>\n\t\t\t\t<\/div>\n\t\t\t\t<\/div>\n\t\t<div class=\"elementor-element elementor-element-dfa37e6 e-con-full e-flex e-con e-child\" data-id=\"dfa37e6\" data-element_type=\"container\" data-e-type=\"container\">\n\t\t\t\t<div class=\"elementor-element elementor-element-195e2f8 elementor-widget elementor-widget-image\" data-id=\"195e2f8\" data-element_type=\"widget\" data-e-type=\"widget\" data-widget_type=\"image.default\">\n\t\t\t\t<div class=\"elementor-widget-container\">\n\t\t\t\t\t\t\t\t\t\t\t\t\t\t\t<img decoding=\"async\" src=\"https:\/\/basatigernika.com\/wp-content\/plugins\/elementor\/assets\/images\/placeholder.png\" title=\"DESAYUNO\" alt=\"Placeholder\" loading=\"lazy\">\t\t\t\t\t\t\t\t\t\t\t\t\t\t\t<\/div>\n\t\t\t\t<\/div>\n\t\t\t\t<\/div>\n\t\t<div class=\"elementor-element elementor-element-f54da46 e-con-full e-flex e-con e-child\" data-id=\"f54da46\" data-element_type=\"container\" data-e-type=\"container\">\n\t\t\t\t<div class=\"elementor-element elementor-element-964142f elementor-widget elementor-widget-heading\" data-id=\"964142f\" data-element_type=\"widget\" data-e-type=\"widget\" data-widget_type=\"heading.default\">\n\t\t\t\t<div class=\"elementor-widget-container\">\n\t\t\t\t\t<h2 class=\"elementor-heading-title elementor-size-default\">mini bocaditos y especialidades caseras<\/h2>\t\t\t\t<\/div>\n\t\t\t\t<\/div>\n\t\t\t\t<div class=\"elementor-element elementor-element-38cddab elementor-widget elementor-widget-text-editor\" data-id=\"38cddab\" data-element_type=\"widget\" data-e-type=\"widget\" data-widget_type=\"text-editor.default\">\n\t\t\t\t<div class=\"elementor-widget-container\">\n\t\t\t\t\t\t\t\t\t<p>como tomates rellenos, croquetas cremosas y calabacines rellenos, perfectos para acompa\u00f1ar cualquier momento del d\u00eda<\/p>\t\t\t\t\t\t\t\t<\/div>\n\t\t\t\t<\/div>\n\t\t\t\t<\/div>\n\t\t\t\t\t<\/div>\n\t\t\t\t<\/div>\n\t\t<div class=\"elementor-element elementor-element-13ea905 e-flex e-con-boxed e-con e-parent\" data-id=\"13ea905\" data-element_type=\"container\" data-e-type=\"container\" data-settings=\"{&quot;background_background&quot;:&quot;classic&quot;}\">\n\t\t\t\t\t<div class=\"e-con-inner\">\n\t\t<div class=\"elementor-element elementor-element-7ce36ce e-con-full animated-slow e-flex elementor-invisible e-con e-child\" data-id=\"7ce36ce\" data-element_type=\"container\" data-e-type=\"container\" data-settings=\"{&quot;animation&quot;:&quot;fadeInUp&quot;}\">\n\t\t\t\t<div class=\"elementor-element elementor-element-26adb89 elementor-view-default elementor-widget elementor-widget-icon\" data-id=\"26adb89\" data-element_type=\"widget\" data-e-type=\"widget\" data-widget_type=\"icon.default\">\n\t\t\t\t<div class=\"elementor-widget-container\">\n\t\t\t\t\t\t\t<div class=\"elementor-icon-wrapper\">\n\t\t\t<a class=\"elementor-icon\" href=\"https:\/\/basatigernika.com\/eu\/carta\/\">\n\t\t\t<i aria-hidden=\"true\" class=\"fas fa-angle-double-left\"><\/i>\t\t\t<\/a>\n\t\t<\/div>\n\t\t\t\t\t\t<\/div>\n\t\t\t\t<\/div>\n\t\t\t\t<\/div>\n\t\t<div class=\"elementor-element elementor-element-b2eae5d e-con-full e-flex e-con e-child\" data-id=\"b2eae5d\" data-element_type=\"container\" data-e-type=\"container\">\n\t\t\t\t<div class=\"elementor-element elementor-element-50e4778 animated-slow elementor-align-right elementor-invisible elementor-widget elementor-widget-button\" data-id=\"50e4778\" data-element_type=\"widget\" data-e-type=\"widget\" data-settings=\"{&quot;_animation&quot;:&quot;fadeInUp&quot;}\" data-widget_type=\"button.default\">\n\t\t\t\t<div class=\"elementor-widget-container\">\n\t\t\t\t\t\t\t\t\t<div class=\"elementor-button-wrapper\">\n\t\t\t\t\t<a class=\"elementor-button elementor-button-link elementor-size-sm elementor-animation-grow\" href=\"https:\/\/basatigernika.com\/eu\/contacto\/\">\n\t\t\t\t\t\t<span class=\"elementor-button-content-wrapper\">\n\t\t\t\t\t\t\t\t\t<span class=\"elementor-button-text\">CONTACTO<\/span>\n\t\t\t\t\t<\/span>\n\t\t\t\t\t<\/a>\n\t\t\t\t<\/div>\n\t\t\t\t\t\t\t\t<\/div>\n\t\t\t\t<\/div>\n\t\t\t\t<\/div>\n\t\t\t\t\t<\/div>\n\t\t\t\t<\/div>\n\t\t\t\t<\/div>","protected":false},"excerpt":{"rendered":"<p>Los pintxos de siempre\u2026. Y alguno m\u00e1s: Disfruta de una amplia variedad de pintxos elaborados al momento, combinando tradici\u00f3n e innovaci\u00f3n en cada bocado Tortillas variadas, desde la cl\u00e1sica tortilla espa\u00f1ola con o sin cebolla (el debate mundial sigue abierto) hasta nuestra espectacular tortilla de tinta de calamar con txopitos y salsa alioli, una propuesta [&hellip;]<\/p>\n","protected":false},"author":1,"featured_media":0,"parent":0,"menu_order":0,"comment_status":"closed","ping_status":"closed","template":"elementor_canvas","meta":{"footnotes":""},"class_list":["post-2752","page","type-page","status-publish","hentry"],"yoast_head":"<!-- This site is optimized with the Yoast SEO plugin v27.3 - https:\/\/yoast.com\/product\/yoast-seo-wordpress\/ -->\n<title>DESAYUNO - Basati Gernika<\/title>\n<meta name=\"robots\" content=\"index, follow, max-snippet:-1, max-image-preview:large, max-video-preview:-1\" \/>\n<link rel=\"canonical\" href=\"https:\/\/basatigernika.com\/eu\/desayuno\/\" \/>\n<meta property=\"og:locale\" content=\"en_US\" \/>\n<meta property=\"og:type\" content=\"article\" \/>\n<meta property=\"og:title\" content=\"DESAYUNO - Basati Gernika\" \/>\n<meta property=\"og:description\" content=\"Los pintxos de siempre\u2026. Y alguno m\u00e1s: Disfruta de una amplia variedad de pintxos elaborados al momento, combinando tradici\u00f3n e innovaci\u00f3n en cada bocado Tortillas variadas, desde la cl\u00e1sica tortilla espa\u00f1ola con o sin cebolla (el debate mundial sigue abierto) hasta nuestra espectacular tortilla de tinta de calamar con txopitos y salsa alioli, una propuesta [&hellip;]\" \/>\n<meta property=\"og:url\" content=\"https:\/\/basatigernika.com\/eu\/desayuno\/\" \/>\n<meta property=\"og:site_name\" content=\"Basati Gernika\" \/>\n<meta property=\"article:modified_time\" content=\"2026-03-17T08:37:53+00:00\" \/>\n<meta property=\"og:image\" content=\"https:\/\/basatigernika.com\/wp-content\/plugins\/elementor\/assets\/images\/placeholder.png\" \/>\n<meta name=\"twitter:card\" content=\"summary_large_image\" \/>\n<meta name=\"twitter:label1\" content=\"Est. reading time\" \/>\n\t<meta name=\"twitter:data1\" content=\"2 minutua\" \/>\n<script type=\"application\/ld+json\" class=\"yoast-schema-graph\">{\"@context\":\"https:\\\/\\\/schema.org\",\"@graph\":[{\"@type\":\"WebPage\",\"@id\":\"https:\\\/\\\/basatigernika.com\\\/desayuno\\\/\",\"url\":\"https:\\\/\\\/basatigernika.com\\\/desayuno\\\/\",\"name\":\"DESAYUNO - Basati Gernika\",\"isPartOf\":{\"@id\":\"https:\\\/\\\/basatigernika.com\\\/#website\"},\"primaryImageOfPage\":{\"@id\":\"https:\\\/\\\/basatigernika.com\\\/desayuno\\\/#primaryimage\"},\"image\":{\"@id\":\"https:\\\/\\\/basatigernika.com\\\/desayuno\\\/#primaryimage\"},\"thumbnailUrl\":\"https:\\\/\\\/basatigernika.com\\\/wp-content\\\/plugins\\\/elementor\\\/assets\\\/images\\\/placeholder.png\",\"datePublished\":\"2026-03-16T16:02:18+00:00\",\"dateModified\":\"2026-03-17T08:37:53+00:00\",\"breadcrumb\":{\"@id\":\"https:\\\/\\\/basatigernika.com\\\/desayuno\\\/#breadcrumb\"},\"inLanguage\":\"eu\",\"potentialAction\":[{\"@type\":\"ReadAction\",\"target\":[\"https:\\\/\\\/basatigernika.com\\\/desayuno\\\/\"]}]},{\"@type\":\"ImageObject\",\"inLanguage\":\"eu\",\"@id\":\"https:\\\/\\\/basatigernika.com\\\/desayuno\\\/#primaryimage\",\"url\":\"https:\\\/\\\/basatigernika.com\\\/wp-content\\\/plugins\\\/elementor\\\/assets\\\/images\\\/placeholder.png\",\"contentUrl\":\"https:\\\/\\\/basatigernika.com\\\/wp-content\\\/plugins\\\/elementor\\\/assets\\\/images\\\/placeholder.png\"},{\"@type\":\"BreadcrumbList\",\"@id\":\"https:\\\/\\\/basatigernika.com\\\/desayuno\\\/#breadcrumb\",\"itemListElement\":[{\"@type\":\"ListItem\",\"position\":1,\"name\":\"Portada\",\"item\":\"https:\\\/\\\/basatigernika.com\\\/\"},{\"@type\":\"ListItem\",\"position\":2,\"name\":\"DESAYUNO\"}]},{\"@type\":\"WebSite\",\"@id\":\"https:\\\/\\\/basatigernika.com\\\/#website\",\"url\":\"https:\\\/\\\/basatigernika.com\\\/\",\"name\":\"Basati Gernika\",\"description\":\"Bar\",\"publisher\":{\"@id\":\"https:\\\/\\\/basatigernika.com\\\/#organization\"},\"potentialAction\":[{\"@type\":\"SearchAction\",\"target\":{\"@type\":\"EntryPoint\",\"urlTemplate\":\"https:\\\/\\\/basatigernika.com\\\/?s={search_term_string}\"},\"query-input\":{\"@type\":\"PropertyValueSpecification\",\"valueRequired\":true,\"valueName\":\"search_term_string\"}}],\"inLanguage\":\"eu\"},{\"@type\":\"Organization\",\"@id\":\"https:\\\/\\\/basatigernika.com\\\/#organization\",\"name\":\"Basati Gernika\",\"url\":\"https:\\\/\\\/basatigernika.com\\\/\",\"logo\":{\"@type\":\"ImageObject\",\"inLanguage\":\"eu\",\"@id\":\"https:\\\/\\\/basatigernika.com\\\/#\\\/schema\\\/logo\\\/image\\\/\",\"url\":\"https:\\\/\\\/basatigernika.com\\\/wp-content\\\/uploads\\\/2026\\\/03\\\/cropped-Logo-web.png\",\"contentUrl\":\"https:\\\/\\\/basatigernika.com\\\/wp-content\\\/uploads\\\/2026\\\/03\\\/cropped-Logo-web.png\",\"width\":1909,\"height\":1906,\"caption\":\"Basati Gernika\"},\"image\":{\"@id\":\"https:\\\/\\\/basatigernika.com\\\/#\\\/schema\\\/logo\\\/image\\\/\"}}]}<\/script>\n<!-- \/ Yoast SEO plugin. -->","yoast_head_json":{"title":"DESAYUNO - Basati Gernika","robots":{"index":"index","follow":"follow","max-snippet":"max-snippet:-1","max-image-preview":"max-image-preview:large","max-video-preview":"max-video-preview:-1"},"canonical":"https:\/\/basatigernika.com\/eu\/desayuno\/","og_locale":"en_US","og_type":"article","og_title":"DESAYUNO - Basati Gernika","og_description":"Los pintxos de siempre\u2026. Y alguno m\u00e1s: Disfruta de una amplia variedad de pintxos elaborados al momento, combinando tradici\u00f3n e innovaci\u00f3n en cada bocado Tortillas variadas, desde la cl\u00e1sica tortilla espa\u00f1ola con o sin cebolla (el debate mundial sigue abierto) hasta nuestra espectacular tortilla de tinta de calamar con txopitos y salsa alioli, una propuesta [&hellip;]","og_url":"https:\/\/basatigernika.com\/eu\/desayuno\/","og_site_name":"Basati Gernika","article_modified_time":"2026-03-17T08:37:53+00:00","og_image":[{"url":"https:\/\/basatigernika.com\/wp-content\/plugins\/elementor\/assets\/images\/placeholder.png","type":"","width":"","height":""}],"twitter_card":"summary_large_image","twitter_misc":{"Est. reading time":"2 minutua"},"schema":{"@context":"https:\/\/schema.org","@graph":[{"@type":"WebPage","@id":"https:\/\/basatigernika.com\/desayuno\/","url":"https:\/\/basatigernika.com\/desayuno\/","name":"DESAYUNO - Basati Gernika","isPartOf":{"@id":"https:\/\/basatigernika.com\/#website"},"primaryImageOfPage":{"@id":"https:\/\/basatigernika.com\/desayuno\/#primaryimage"},"image":{"@id":"https:\/\/basatigernika.com\/desayuno\/#primaryimage"},"thumbnailUrl":"https:\/\/basatigernika.com\/wp-content\/plugins\/elementor\/assets\/images\/placeholder.png","datePublished":"2026-03-16T16:02:18+00:00","dateModified":"2026-03-17T08:37:53+00:00","breadcrumb":{"@id":"https:\/\/basatigernika.com\/desayuno\/#breadcrumb"},"inLanguage":"eu","potentialAction":[{"@type":"ReadAction","target":["https:\/\/basatigernika.com\/desayuno\/"]}]},{"@type":"ImageObject","inLanguage":"eu","@id":"https:\/\/basatigernika.com\/desayuno\/#primaryimage","url":"https:\/\/basatigernika.com\/wp-content\/plugins\/elementor\/assets\/images\/placeholder.png","contentUrl":"https:\/\/basatigernika.com\/wp-content\/plugins\/elementor\/assets\/images\/placeholder.png"},{"@type":"BreadcrumbList","@id":"https:\/\/basatigernika.com\/desayuno\/#breadcrumb","itemListElement":[{"@type":"ListItem","position":1,"name":"Portada","item":"https:\/\/basatigernika.com\/"},{"@type":"ListItem","position":2,"name":"DESAYUNO"}]},{"@type":"WebSite","@id":"https:\/\/basatigernika.com\/#website","url":"https:\/\/basatigernika.com\/","name":"Basati Gernika","description":"Bar","publisher":{"@id":"https:\/\/basatigernika.com\/#organization"},"potentialAction":[{"@type":"SearchAction","target":{"@type":"EntryPoint","urlTemplate":"https:\/\/basatigernika.com\/?s={search_term_string}"},"query-input":{"@type":"PropertyValueSpecification","valueRequired":true,"valueName":"search_term_string"}}],"inLanguage":"eu"},{"@type":"Organization","@id":"https:\/\/basatigernika.com\/#organization","name":"Basati Gernika","url":"https:\/\/basatigernika.com\/","logo":{"@type":"ImageObject","inLanguage":"eu","@id":"https:\/\/basatigernika.com\/#\/schema\/logo\/image\/","url":"https:\/\/basatigernika.com\/wp-content\/uploads\/2026\/03\/cropped-Logo-web.png","contentUrl":"https:\/\/basatigernika.com\/wp-content\/uploads\/2026\/03\/cropped-Logo-web.png","width":1909,"height":1906,"caption":"Basati Gernika"},"image":{"@id":"https:\/\/basatigernika.com\/#\/schema\/logo\/image\/"}}]}},"_links":{"self":[{"href":"https:\/\/basatigernika.com\/eu\/wp-json\/wp\/v2\/pages\/2752","targetHints":{"allow":["GET"]}}],"collection":[{"href":"https:\/\/basatigernika.com\/eu\/wp-json\/wp\/v2\/pages"}],"about":[{"href":"https:\/\/basatigernika.com\/eu\/wp-json\/wp\/v2\/types\/page"}],"author":[{"embeddable":true,"href":"https:\/\/basatigernika.com\/eu\/wp-json\/wp\/v2\/users\/1"}],"replies":[{"embeddable":true,"href":"https:\/\/basatigernika.com\/eu\/wp-json\/wp\/v2\/comments?post=2752"}],"version-history":[{"count":31,"href":"https:\/\/basatigernika.com\/eu\/wp-json\/wp\/v2\/pages\/2752\/revisions"}],"predecessor-version":[{"id":2813,"href":"https:\/\/basatigernika.com\/eu\/wp-json\/wp\/v2\/pages\/2752\/revisions\/2813"}],"wp:attachment":[{"href":"https:\/\/basatigernika.com\/eu\/wp-json\/wp\/v2\/media?parent=2752"}],"curies":[{"name":"wp","href":"https:\/\/api.w.org\/{rel}","templated":true}]}}