{"id":9,"date":"2026-02-18T10:39:10","date_gmt":"2026-02-18T10:39:10","guid":{"rendered":"https:\/\/basatigernika.rkinformatika.online\/?page_id=9"},"modified":"2026-03-17T11:35:12","modified_gmt":"2026-03-17T11:35:12","slug":"inicio","status":"publish","type":"page","link":"https:\/\/basatigernika.com\/eu\/","title":{"rendered":"Inicio"},"content":{"rendered":"\t\t<div data-elementor-type=\"wp-page\" data-elementor-id=\"9\" class=\"elementor elementor-9\" data-elementor-post-type=\"page\">\n\t\t\t\t<div class=\"elementor-element elementor-element-8000fcc e-con-full e-flex e-con e-parent\" data-id=\"8000fcc\" data-element_type=\"container\" data-e-type=\"container\" data-settings=\"{&quot;background_background&quot;:&quot;slideshow&quot;,&quot;background_slideshow_gallery&quot;:[{&quot;id&quot;:1611,&quot;url&quot;:&quot;https:\\\/\\\/basatigernika.com\\\/wp-content\\\/uploads\\\/2026\\\/03\\\/351911.jpg&quot;},{&quot;id&quot;:2365,&quot;url&quot;:&quot;https:\\\/\\\/basatigernika.com\\\/wp-content\\\/uploads\\\/2026\\\/03\\\/351911-1.jpg&quot;}],&quot;background_slideshow_ken_burns&quot;:&quot;yes&quot;,&quot;background_slideshow_ken_burns_zoom_direction&quot;:&quot;out&quot;,&quot;background_slideshow_loop&quot;:&quot;yes&quot;,&quot;background_slideshow_slide_duration&quot;:5000,&quot;background_slideshow_slide_transition&quot;:&quot;fade&quot;,&quot;background_slideshow_transition_duration&quot;:500}\">\n\t\t<div class=\"elementor-element elementor-element-58cab7b e-con-full animated-slow e-flex elementor-invisible e-con e-child\" data-id=\"58cab7b\" data-element_type=\"container\" data-e-type=\"container\" data-settings=\"{&quot;background_background&quot;:&quot;slideshow&quot;,&quot;animation&quot;:&quot;zoomIn&quot;,&quot;background_slideshow_gallery&quot;:[],&quot;background_slideshow_loop&quot;:&quot;yes&quot;,&quot;background_slideshow_slide_duration&quot;:5000,&quot;background_slideshow_slide_transition&quot;:&quot;fade&quot;,&quot;background_slideshow_transition_duration&quot;:500}\">\n\t\t\t\t<div class=\"elementor-element elementor-element-2cb8169 elementor-widget__width-initial elementor-widget elementor-widget-heading\" data-id=\"2cb8169\" data-element_type=\"widget\" data-e-type=\"widget\" data-widget_type=\"heading.default\">\n\t\t\t\t<div class=\"elementor-widget-container\">\n\t\t\t\t\t<h2 class=\"elementor-heading-title elementor-size-default\">BIENVENIDOS A <\/h2>\t\t\t\t<\/div>\n\t\t\t\t<\/div>\n\t\t\t\t<div class=\"elementor-element elementor-element-4a772b6 elementor-widget elementor-widget-heading\" data-id=\"4a772b6\" data-element_type=\"widget\" data-e-type=\"widget\" data-widget_type=\"heading.default\">\n\t\t\t\t<div class=\"elementor-widget-container\">\n\t\t\t\t\t<h2 class=\"elementor-heading-title elementor-size-default\">BASATI GERNIKA<\/h2>\t\t\t\t<\/div>\n\t\t\t\t<\/div>\n\t\t\t\t<div class=\"elementor-element elementor-element-bc4cd5f elementor-align-center elementor-widget elementor-widget-button\" data-id=\"bc4cd5f\" data-element_type=\"widget\" data-e-type=\"widget\" data-widget_type=\"button.default\">\n\t\t\t\t<div class=\"elementor-widget-container\">\n\t\t\t\t\t\t\t\t\t<div class=\"elementor-button-wrapper\">\n\t\t\t\t\t<a class=\"elementor-button elementor-button-link elementor-size-sm elementor-animation-grow\" href=\"https:\/\/basatigernika.com\/carta\/\">\n\t\t\t\t\t\t<span class=\"elementor-button-content-wrapper\">\n\t\t\t\t\t\t\t\t\t<span class=\"elementor-button-text\">CARTA<\/span>\n\t\t\t\t\t<\/span>\n\t\t\t\t\t<\/a>\n\t\t\t\t<\/div>\n\t\t\t\t\t\t\t\t<\/div>\n\t\t\t\t<\/div>\n\t\t\t\t<div class=\"elementor-element elementor-element-2864721 elementor-view-default elementor-widget elementor-widget-icon\" data-id=\"2864721\" data-element_type=\"widget\" data-e-type=\"widget\" data-widget_type=\"icon.default\">\n\t\t\t\t<div class=\"elementor-widget-container\">\n\t\t\t\t\t\t\t<div class=\"elementor-icon-wrapper\">\n\t\t\t<a class=\"elementor-icon\" href=\"https:\/\/basatigernika.com\/#nosotros\">\n\t\t\t<svg xmlns=\"http:\/\/www.w3.org\/2000\/svg\" id=\"Layer_1\" height=\"512\" viewBox=\"0 0 48 48\" width=\"512\"><g><path d=\"m24 41.62 12.79-17.91-3.25-2.33-9.54 13.35-9.54-13.35-3.25 2.33z\"><\/path><path d=\"m36.79 8.71-3.25-2.33-9.54 13.35-9.54-13.35-3.25 2.33 12.79 17.91z\"><\/path><\/g><\/svg>\t\t\t<\/a>\n\t\t<\/div>\n\t\t\t\t\t\t<\/div>\n\t\t\t\t<\/div>\n\t\t\t\t<\/div>\n\t\t\t\t<\/div>\n\t\t<div class=\"elementor-element elementor-element-2c0ffc8 e-flex e-con-boxed e-con e-parent\" data-id=\"2c0ffc8\" data-element_type=\"container\" data-e-type=\"container\" id=\"nosotros\" data-settings=\"{&quot;background_background&quot;:&quot;classic&quot;}\">\n\t\t\t\t\t<div class=\"e-con-inner\">\n\t\t\t\t\t<\/div>\n\t\t\t\t<\/div>\n\t\t<div class=\"elementor-element elementor-element-125251f e-flex e-con-boxed e-con e-parent\" data-id=\"125251f\" data-element_type=\"container\" data-e-type=\"container\" data-settings=\"{&quot;background_background&quot;:&quot;classic&quot;}\">\n\t\t\t\t\t<div class=\"e-con-inner\">\n\t\t<div class=\"elementor-element elementor-element-f284a5f e-con-full e-flex e-con e-child\" data-id=\"f284a5f\" data-element_type=\"container\" data-e-type=\"container\">\n\t\t\t\t<div class=\"elementor-element elementor-element-96aa8d2 elementor-widget elementor-widget-heading\" data-id=\"96aa8d2\" data-element_type=\"widget\" data-e-type=\"widget\" data-widget_type=\"heading.default\">\n\t\t\t\t<div class=\"elementor-widget-container\">\n\t\t\t\t\t<h2 class=\"elementor-heading-title elementor-size-default\">NOSOTROS:<\/h2>\t\t\t\t<\/div>\n\t\t\t\t<\/div>\n\t\t\t\t<div class=\"elementor-element elementor-element-e938134 elementor-widget__width-initial elementor-widget elementor-widget-heading\" data-id=\"e938134\" data-element_type=\"widget\" data-e-type=\"widget\" data-widget_type=\"heading.default\">\n\t\t\t\t<div class=\"elementor-widget-container\">\n\t\t\t\t\t<h2 class=\"elementor-heading-title elementor-size-default\">Basati nace con la vocaci\u00f3n de crear un espacio \u00fanico donde conviven la frescura, la elegancia y un sutil car\u00e1cter salvaje.<\/h2>\t\t\t\t<\/div>\n\t\t\t\t<\/div>\n\t\t\t\t<div class=\"elementor-element elementor-element-e6a6a45 elementor-widget elementor-widget-text-editor\" data-id=\"e6a6a45\" data-element_type=\"widget\" data-e-type=\"widget\" data-widget_type=\"text-editor.default\">\n\t\t\t\t<div class=\"elementor-widget-container\">\n\t\t\t\t\t\t\t\t\t<p>Un entorno amplio y cuidadosamente concebido, dividido en dos ambientes que permiten vivir experiencias distintas sin renunciar a la esencia de la aut\u00e9ntica hosteler\u00eda.<br \/>A finales de 2022, esta visi\u00f3n comenz\u00f3 a tomar forma. Tras seis meses de dedicaci\u00f3n y reforma, en abril de 2023 abrimos nuestras puertas, dando vida a lo que hoy es Basati: un lugar donde cada detalle ha sido pensado para ofrecer algo m\u00e1s que un simple encuentro.<br \/>Desde entonces, nuestra evoluci\u00f3n ha sido constante. Innovamos, creamos y perfeccionamos, siempre guiados por la ilusi\u00f3n que dio origen a este proyecto y con el firme prop\u00f3sito de que cada visita se convierta en una experiencia memorable.<\/p>\t\t\t\t\t\t\t\t<\/div>\n\t\t\t\t<\/div>\n\t\t\t\t<\/div>\n\t\t<div class=\"elementor-element elementor-element-7bfd6f3 e-con-full e-flex e-con e-child\" data-id=\"7bfd6f3\" data-element_type=\"container\" data-e-type=\"container\" data-settings=\"{&quot;background_background&quot;:&quot;classic&quot;}\">\n\t\t\t\t<div class=\"elementor-element elementor-element-98364cc elementor-widget elementor-widget-gallery\" data-id=\"98364cc\" data-element_type=\"widget\" data-e-type=\"widget\" data-settings=\"{&quot;gallery_layout&quot;:&quot;justified&quot;,&quot;ideal_row_height&quot;:{&quot;unit&quot;:&quot;px&quot;,&quot;size&quot;:113,&quot;sizes&quot;:[]},&quot;ideal_row_height_tablet&quot;:{&quot;unit&quot;:&quot;px&quot;,&quot;size&quot;:99,&quot;sizes&quot;:[]},&quot;ideal_row_height_mobile&quot;:{&quot;unit&quot;:&quot;px&quot;,&quot;size&quot;:106,&quot;sizes&quot;:[]},&quot;lazyload&quot;:&quot;yes&quot;,&quot;gap&quot;:{&quot;unit&quot;:&quot;px&quot;,&quot;size&quot;:10,&quot;sizes&quot;:[]},&quot;gap_tablet&quot;:{&quot;unit&quot;:&quot;px&quot;,&quot;size&quot;:10,&quot;sizes&quot;:[]},&quot;gap_mobile&quot;:{&quot;unit&quot;:&quot;px&quot;,&quot;size&quot;:10,&quot;sizes&quot;:[]},&quot;link_to&quot;:&quot;file&quot;,&quot;overlay_background&quot;:&quot;yes&quot;,&quot;content_hover_animation&quot;:&quot;fade-in&quot;}\" data-widget_type=\"gallery.default\">\n\t\t\t\t<div class=\"elementor-widget-container\">\n\t\t\t\t\t\t\t<div class=\"elementor-gallery__container\">\n\t\t\t\t\t\t\t<a class=\"e-gallery-item elementor-gallery-item elementor-animated-content\" href=\"https:\/\/basatigernika.com\/wp-content\/uploads\/2026\/03\/1781.jpg\" data-elementor-open-lightbox=\"yes\" data-elementor-lightbox-slideshow=\"98364cc\" data-elementor-lightbox-title=\"1781\" data-e-action-hash=\"#elementor-action%3Aaction%3Dlightbox%26settings%3DeyJpZCI6MTc4NCwidXJsIjoiaHR0cHM6XC9cL2Jhc2F0aWdlcm5pa2EuY29tXC93cC1jb250ZW50XC91cGxvYWRzXC8yMDI2XC8wM1wvMTc4MS5qcGciLCJzbGlkZXNob3ciOiI5ODM2NGNjIn0%3D\">\n\t\t\t\t\t<div class=\"e-gallery-image elementor-gallery-item__image\" data-thumbnail=\"https:\/\/basatigernika.com\/wp-content\/uploads\/2026\/03\/1781-300x212.jpg\" data-width=\"300\" data-height=\"212\" aria-label=\"1781\" role=\"img\" ><\/div>\n\t\t\t\t\t\t\t\t\t\t\t<div class=\"elementor-gallery-item__overlay\"><\/div>\n\t\t\t\t\t\t\t\t\t\t\t\t\t\t<\/a>\n\t\t\t\t\t\t\t<a class=\"e-gallery-item elementor-gallery-item elementor-animated-content\" href=\"https:\/\/basatigernika.com\/wp-content\/uploads\/2026\/03\/1758.jpg\" data-elementor-open-lightbox=\"yes\" data-elementor-lightbox-slideshow=\"98364cc\" data-elementor-lightbox-title=\"1758\" data-e-action-hash=\"#elementor-action%3Aaction%3Dlightbox%26settings%3DeyJpZCI6MTc3MCwidXJsIjoiaHR0cHM6XC9cL2Jhc2F0aWdlcm5pa2EuY29tXC93cC1jb250ZW50XC91cGxvYWRzXC8yMDI2XC8wM1wvMTc1OC5qcGciLCJzbGlkZXNob3ciOiI5ODM2NGNjIn0%3D\">\n\t\t\t\t\t<div class=\"e-gallery-image elementor-gallery-item__image\" data-thumbnail=\"https:\/\/basatigernika.com\/wp-content\/uploads\/2026\/03\/1758-212x300.jpg\" data-width=\"212\" data-height=\"300\" aria-label=\"1758\" role=\"img\" ><\/div>\n\t\t\t\t\t\t\t\t\t\t\t<div class=\"elementor-gallery-item__overlay\"><\/div>\n\t\t\t\t\t\t\t\t\t\t\t\t\t\t<\/a>\n\t\t\t\t\t\t\t<a class=\"e-gallery-item elementor-gallery-item elementor-animated-content\" href=\"https:\/\/basatigernika.com\/wp-content\/uploads\/2026\/03\/93028.jpg\" data-elementor-open-lightbox=\"yes\" data-elementor-lightbox-slideshow=\"98364cc\" data-elementor-lightbox-title=\"93028\" data-e-action-hash=\"#elementor-action%3Aaction%3Dlightbox%26settings%3DeyJpZCI6MTc2OSwidXJsIjoiaHR0cHM6XC9cL2Jhc2F0aWdlcm5pa2EuY29tXC93cC1jb250ZW50XC91cGxvYWRzXC8yMDI2XC8wM1wvOTMwMjguanBnIiwic2xpZGVzaG93IjoiOTgzNjRjYyJ9\">\n\t\t\t\t\t<div class=\"e-gallery-image elementor-gallery-item__image\" data-thumbnail=\"https:\/\/basatigernika.com\/wp-content\/uploads\/2026\/03\/93028-300x200.jpg\" data-width=\"300\" data-height=\"200\" aria-label=\"93028\" role=\"img\" ><\/div>\n\t\t\t\t\t\t\t\t\t\t\t<div class=\"elementor-gallery-item__overlay\"><\/div>\n\t\t\t\t\t\t\t\t\t\t\t\t\t\t<\/a>\n\t\t\t\t\t\t\t<a class=\"e-gallery-item elementor-gallery-item elementor-animated-content\" href=\"https:\/\/basatigernika.com\/wp-content\/uploads\/2026\/03\/2113.jpg\" data-elementor-open-lightbox=\"yes\" data-elementor-lightbox-slideshow=\"98364cc\" data-elementor-lightbox-title=\"2113\" data-e-action-hash=\"#elementor-action%3Aaction%3Dlightbox%26settings%3DeyJpZCI6MTc2OCwidXJsIjoiaHR0cHM6XC9cL2Jhc2F0aWdlcm5pa2EuY29tXC93cC1jb250ZW50XC91cGxvYWRzXC8yMDI2XC8wM1wvMjExMy5qcGciLCJzbGlkZXNob3ciOiI5ODM2NGNjIn0%3D\">\n\t\t\t\t\t<div class=\"e-gallery-image elementor-gallery-item__image\" data-thumbnail=\"https:\/\/basatigernika.com\/wp-content\/uploads\/2026\/03\/2113-300x200.jpg\" data-width=\"300\" data-height=\"200\" aria-label=\"2113\" role=\"img\" ><\/div>\n\t\t\t\t\t\t\t\t\t\t\t<div class=\"elementor-gallery-item__overlay\"><\/div>\n\t\t\t\t\t\t\t\t\t\t\t\t\t\t<\/a>\n\t\t\t\t\t\t\t<a class=\"e-gallery-item elementor-gallery-item elementor-animated-content\" href=\"https:\/\/basatigernika.com\/wp-content\/uploads\/2026\/03\/2151794803.jpg\" data-elementor-open-lightbox=\"yes\" data-elementor-lightbox-slideshow=\"98364cc\" data-elementor-lightbox-title=\"2151794803\" data-e-action-hash=\"#elementor-action%3Aaction%3Dlightbox%26settings%3DeyJpZCI6MTY3OCwidXJsIjoiaHR0cHM6XC9cL2Jhc2F0aWdlcm5pa2EuY29tXC93cC1jb250ZW50XC91cGxvYWRzXC8yMDI2XC8wM1wvMjE1MTc5NDgwMy5qcGciLCJzbGlkZXNob3ciOiI5ODM2NGNjIn0%3D\">\n\t\t\t\t\t<div class=\"e-gallery-image elementor-gallery-item__image\" data-thumbnail=\"https:\/\/basatigernika.com\/wp-content\/uploads\/2026\/03\/2151794803-300x168.jpg\" data-width=\"300\" data-height=\"168\" aria-label=\"2151794803\" role=\"img\" ><\/div>\n\t\t\t\t\t\t\t\t\t\t\t<div class=\"elementor-gallery-item__overlay\"><\/div>\n\t\t\t\t\t\t\t\t\t\t\t\t\t\t<\/a>\n\t\t\t\t\t\t\t<a class=\"e-gallery-item elementor-gallery-item elementor-animated-content\" href=\"https:\/\/basatigernika.com\/wp-content\/uploads\/2026\/03\/cropped-Logo-web.png\" data-elementor-open-lightbox=\"yes\" data-elementor-lightbox-slideshow=\"98364cc\" data-elementor-lightbox-title=\"logo web\" data-elementor-lightbox-description=\"https:\/\/basatigernika.com\/wp-content\/uploads\/2026\/03\/cropped-Logo-web.png\" data-e-action-hash=\"#elementor-action%3Aaction%3Dlightbox%26settings%3DeyJpZCI6MTYyOSwidXJsIjoiaHR0cHM6XC9cL2Jhc2F0aWdlcm5pa2EuY29tXC93cC1jb250ZW50XC91cGxvYWRzXC8yMDI2XC8wM1wvY3JvcHBlZC1Mb2dvLXdlYi5wbmciLCJzbGlkZXNob3ciOiI5ODM2NGNjIn0%3D\">\n\t\t\t\t\t<div class=\"e-gallery-image elementor-gallery-item__image\" data-thumbnail=\"https:\/\/basatigernika.com\/wp-content\/uploads\/2026\/03\/cropped-Logo-web-300x300.png\" data-width=\"300\" data-height=\"300\" aria-label=\"\" role=\"img\" ><\/div>\n\t\t\t\t\t\t\t\t\t\t\t<div class=\"elementor-gallery-item__overlay\"><\/div>\n\t\t\t\t\t\t\t\t\t\t\t\t\t\t<\/a>\n\t\t\t\t\t\t\t<a class=\"e-gallery-item elementor-gallery-item elementor-animated-content\" href=\"https:\/\/basatigernika.com\/wp-content\/uploads\/2026\/03\/119488.jpg\" data-elementor-open-lightbox=\"yes\" data-elementor-lightbox-slideshow=\"98364cc\" data-elementor-lightbox-title=\"119488\" data-e-action-hash=\"#elementor-action%3Aaction%3Dlightbox%26settings%3DeyJpZCI6MTYyMywidXJsIjoiaHR0cHM6XC9cL2Jhc2F0aWdlcm5pa2EuY29tXC93cC1jb250ZW50XC91cGxvYWRzXC8yMDI2XC8wM1wvMTE5NDg4LmpwZyIsInNsaWRlc2hvdyI6Ijk4MzY0Y2MifQ%3D%3D\">\n\t\t\t\t\t<div class=\"e-gallery-image elementor-gallery-item__image\" data-thumbnail=\"https:\/\/basatigernika.com\/wp-content\/uploads\/2026\/03\/119488-217x300.jpg\" data-width=\"217\" data-height=\"300\" aria-label=\"119488\" role=\"img\" ><\/div>\n\t\t\t\t\t\t\t\t\t\t\t<div class=\"elementor-gallery-item__overlay\"><\/div>\n\t\t\t\t\t\t\t\t\t\t\t\t\t\t<\/a>\n\t\t\t\t\t\t\t<a class=\"e-gallery-item elementor-gallery-item elementor-animated-content\" href=\"https:\/\/basatigernika.com\/wp-content\/uploads\/2026\/03\/351911.jpg\" data-elementor-open-lightbox=\"yes\" data-elementor-lightbox-slideshow=\"98364cc\" data-elementor-lightbox-title=\"351911\" data-e-action-hash=\"#elementor-action%3Aaction%3Dlightbox%26settings%3DeyJpZCI6MTYxMSwidXJsIjoiaHR0cHM6XC9cL2Jhc2F0aWdlcm5pa2EuY29tXC93cC1jb250ZW50XC91cGxvYWRzXC8yMDI2XC8wM1wvMzUxOTExLmpwZyIsInNsaWRlc2hvdyI6Ijk4MzY0Y2MifQ%3D%3D\">\n\t\t\t\t\t<div class=\"e-gallery-image elementor-gallery-item__image\" data-thumbnail=\"https:\/\/basatigernika.com\/wp-content\/uploads\/2026\/03\/351911-300x200.jpg\" data-width=\"300\" data-height=\"200\" aria-label=\"351911\" role=\"img\" ><\/div>\n\t\t\t\t\t\t\t\t\t\t\t<div class=\"elementor-gallery-item__overlay\"><\/div>\n\t\t\t\t\t\t\t\t\t\t\t\t\t\t<\/a>\n\t\t\t\t\t<\/div>\n\t\t\t\t\t<\/div>\n\t\t\t\t<\/div>\n\t\t\t\t<\/div>\n\t\t\t\t\t<\/div>\n\t\t\t\t<\/div>\n\t\t<div class=\"elementor-element elementor-element-f8a9f0d e-flex e-con-boxed e-con e-parent\" data-id=\"f8a9f0d\" data-element_type=\"container\" data-e-type=\"container\" data-settings=\"{&quot;background_background&quot;:&quot;classic&quot;}\">\n\t\t\t\t\t<div class=\"e-con-inner\">\n\t\t<div class=\"elementor-element elementor-element-6455e4b e-con-full e-flex e-con e-child\" data-id=\"6455e4b\" data-element_type=\"container\" data-e-type=\"container\">\n\t\t\t\t<div class=\"elementor-element elementor-element-f1743a2 animated-slow elementor-invisible elementor-widget elementor-widget-heading\" data-id=\"f1743a2\" data-element_type=\"widget\" data-e-type=\"widget\" data-settings=\"{&quot;_animation&quot;:&quot;fadeInUp&quot;,&quot;_animation_delay&quot;:500}\" data-widget_type=\"heading.default\">\n\t\t\t\t<div class=\"elementor-widget-container\">\n\t\t\t\t\t<h2 class=\"elementor-heading-title elementor-size-default\">Un espacio creado para vivir experiencias, no solo momentos<\/h2>\t\t\t\t<\/div>\n\t\t\t\t<\/div>\n\t\t\t\t<\/div>\n\t\t<div class=\"elementor-element elementor-element-eddb92f e-con-full animated-slow e-flex elementor-invisible e-con e-child\" data-id=\"eddb92f\" data-element_type=\"container\" data-e-type=\"container\" data-settings=\"{&quot;animation&quot;:&quot;fadeInUp&quot;}\">\n\t\t\t\t<div class=\"elementor-element elementor-element-62dc85e elementor-view-default elementor-widget elementor-widget-icon\" data-id=\"62dc85e\" data-element_type=\"widget\" data-e-type=\"widget\" data-widget_type=\"icon.default\">\n\t\t\t\t<div class=\"elementor-widget-container\">\n\t\t\t\t\t\t\t<div class=\"elementor-icon-wrapper\">\n\t\t\t<a class=\"elementor-icon\" href=\"https:\/\/basatigernika.com\/nuestro-espacio\/\">\n\t\t\t<svg xmlns=\"http:\/\/www.w3.org\/2000\/svg\" xmlns:xlink=\"http:\/\/www.w3.org\/1999\/xlink\" width=\"510\" viewBox=\"0 0 382.5 382.499997\" height=\"510\" preserveAspectRatio=\"xMidYMid meet\"><path fill=\"#ffffff\" d=\"M 331.226562 191 L 188.691406 89.214844 L 170.148438 115.078125 L 276.394531 191 L 170.148438 266.921875 L 188.691406 292.789062 Z M 331.226562 191 \" fill-opacity=\"1\" fill-rule=\"nonzero\"><\/path><path fill=\"#ffffff\" d=\"M 69.316406 89.214844 L 50.773438 115.078125 L 157.019531 191 L 50.773438 266.921875 L 69.316406 292.789062 L 211.851562 191 Z M 69.316406 89.214844 \" fill-opacity=\"1\" fill-rule=\"nonzero\"><\/path><\/svg>\t\t\t<\/a>\n\t\t<\/div>\n\t\t\t\t\t\t<\/div>\n\t\t\t\t<\/div>\n\t\t\t\t<\/div>\n\t\t\t\t\t<\/div>\n\t\t\t\t<\/div>\n\t\t\t\t<\/div>\n\t\t","protected":false},"excerpt":{"rendered":"<p>BIENVENIDOS A BASATI GERNIKA CARTA NOSOTROS: Basati nace con la vocaci\u00f3n de crear un espacio \u00fanico donde conviven la frescura, la elegancia y un sutil car\u00e1cter salvaje. Un entorno amplio y cuidadosamente concebido, dividido en dos ambientes que permiten vivir experiencias distintas sin renunciar a la esencia de la aut\u00e9ntica hosteler\u00eda.A finales de 2022, esta [&hellip;]<\/p>\n","protected":false},"author":1,"featured_media":0,"parent":0,"menu_order":0,"comment_status":"closed","ping_status":"closed","template":"elementor_canvas","meta":{"footnotes":""},"class_list":["post-9","page","type-page","status-publish","hentry"],"yoast_head":"<!-- This site is optimized with the Yoast SEO plugin v27.3 - https:\/\/yoast.com\/product\/yoast-seo-wordpress\/ -->\n<title>Inicio - Basati Gernika<\/title>\n<meta name=\"robots\" content=\"index, follow, max-snippet:-1, max-image-preview:large, max-video-preview:-1\" \/>\n<link rel=\"canonical\" href=\"https:\/\/basatigernika.com\/eu\/\" \/>\n<meta property=\"og:locale\" content=\"en_US\" \/>\n<meta property=\"og:type\" content=\"article\" \/>\n<meta property=\"og:title\" content=\"Inicio - Basati Gernika\" \/>\n<meta property=\"og:description\" content=\"BIENVENIDOS A BASATI GERNIKA CARTA NOSOTROS: Basati nace con la vocaci\u00f3n de crear un espacio \u00fanico donde conviven la frescura, la elegancia y un sutil car\u00e1cter salvaje. Un entorno amplio y cuidadosamente concebido, dividido en dos ambientes que permiten vivir experiencias distintas sin renunciar a la esencia de la aut\u00e9ntica hosteler\u00eda.A finales de 2022, esta [&hellip;]\" \/>\n<meta property=\"og:url\" content=\"https:\/\/basatigernika.com\/eu\/\" \/>\n<meta property=\"og:site_name\" content=\"Basati Gernika\" \/>\n<meta property=\"article:modified_time\" content=\"2026-03-17T11:35:12+00:00\" \/>\n<meta name=\"twitter:card\" content=\"summary_large_image\" \/>\n<meta name=\"twitter:label1\" content=\"Est. reading time\" \/>\n\t<meta name=\"twitter:data1\" content=\"1 minutua\" \/>\n<script type=\"application\/ld+json\" class=\"yoast-schema-graph\">{\"@context\":\"https:\\\/\\\/schema.org\",\"@graph\":[{\"@type\":\"WebPage\",\"@id\":\"https:\\\/\\\/basatigernika.com\\\/\",\"url\":\"https:\\\/\\\/basatigernika.com\\\/\",\"name\":\"Inicio - Basati Gernika\",\"isPartOf\":{\"@id\":\"https:\\\/\\\/basatigernika.com\\\/#website\"},\"datePublished\":\"2026-02-18T10:39:10+00:00\",\"dateModified\":\"2026-03-17T11:35:12+00:00\",\"breadcrumb\":{\"@id\":\"https:\\\/\\\/basatigernika.com\\\/#breadcrumb\"},\"inLanguage\":\"eu\",\"potentialAction\":[{\"@type\":\"ReadAction\",\"target\":[\"https:\\\/\\\/basatigernika.com\\\/\"]}]},{\"@type\":\"BreadcrumbList\",\"@id\":\"https:\\\/\\\/basatigernika.com\\\/#breadcrumb\",\"itemListElement\":[{\"@type\":\"ListItem\",\"position\":1,\"name\":\"Portada\",\"item\":\"https:\\\/\\\/basatigernika.com\\\/\"},{\"@type\":\"ListItem\",\"position\":2,\"name\":\"Inicio\"}]},{\"@type\":\"WebSite\",\"@id\":\"https:\\\/\\\/basatigernika.com\\\/#website\",\"url\":\"https:\\\/\\\/basatigernika.com\\\/\",\"name\":\"Basati Gernika\",\"description\":\"Bar\",\"publisher\":{\"@id\":\"https:\\\/\\\/basatigernika.com\\\/#organization\"},\"potentialAction\":[{\"@type\":\"SearchAction\",\"target\":{\"@type\":\"EntryPoint\",\"urlTemplate\":\"https:\\\/\\\/basatigernika.com\\\/?s={search_term_string}\"},\"query-input\":{\"@type\":\"PropertyValueSpecification\",\"valueRequired\":true,\"valueName\":\"search_term_string\"}}],\"inLanguage\":\"eu\"},{\"@type\":\"Organization\",\"@id\":\"https:\\\/\\\/basatigernika.com\\\/#organization\",\"name\":\"Basati Gernika\",\"url\":\"https:\\\/\\\/basatigernika.com\\\/\",\"logo\":{\"@type\":\"ImageObject\",\"inLanguage\":\"eu\",\"@id\":\"https:\\\/\\\/basatigernika.com\\\/#\\\/schema\\\/logo\\\/image\\\/\",\"url\":\"https:\\\/\\\/basatigernika.com\\\/wp-content\\\/uploads\\\/2026\\\/03\\\/cropped-Logo-web.png\",\"contentUrl\":\"https:\\\/\\\/basatigernika.com\\\/wp-content\\\/uploads\\\/2026\\\/03\\\/cropped-Logo-web.png\",\"width\":1909,\"height\":1906,\"caption\":\"Basati Gernika\"},\"image\":{\"@id\":\"https:\\\/\\\/basatigernika.com\\\/#\\\/schema\\\/logo\\\/image\\\/\"}}]}<\/script>\n<!-- \/ Yoast SEO plugin. -->","yoast_head_json":{"title":"Inicio - Basati Gernika","robots":{"index":"index","follow":"follow","max-snippet":"max-snippet:-1","max-image-preview":"max-image-preview:large","max-video-preview":"max-video-preview:-1"},"canonical":"https:\/\/basatigernika.com\/eu\/","og_locale":"en_US","og_type":"article","og_title":"Inicio - Basati Gernika","og_description":"BIENVENIDOS A BASATI GERNIKA CARTA NOSOTROS: Basati nace con la vocaci\u00f3n de crear un espacio \u00fanico donde conviven la frescura, la elegancia y un sutil car\u00e1cter salvaje. Un entorno amplio y cuidadosamente concebido, dividido en dos ambientes que permiten vivir experiencias distintas sin renunciar a la esencia de la aut\u00e9ntica hosteler\u00eda.A finales de 2022, esta [&hellip;]","og_url":"https:\/\/basatigernika.com\/eu\/","og_site_name":"Basati Gernika","article_modified_time":"2026-03-17T11:35:12+00:00","twitter_card":"summary_large_image","twitter_misc":{"Est. reading time":"1 minutua"},"schema":{"@context":"https:\/\/schema.org","@graph":[{"@type":"WebPage","@id":"https:\/\/basatigernika.com\/","url":"https:\/\/basatigernika.com\/","name":"Inicio - Basati Gernika","isPartOf":{"@id":"https:\/\/basatigernika.com\/#website"},"datePublished":"2026-02-18T10:39:10+00:00","dateModified":"2026-03-17T11:35:12+00:00","breadcrumb":{"@id":"https:\/\/basatigernika.com\/#breadcrumb"},"inLanguage":"eu","potentialAction":[{"@type":"ReadAction","target":["https:\/\/basatigernika.com\/"]}]},{"@type":"BreadcrumbList","@id":"https:\/\/basatigernika.com\/#breadcrumb","itemListElement":[{"@type":"ListItem","position":1,"name":"Portada","item":"https:\/\/basatigernika.com\/"},{"@type":"ListItem","position":2,"name":"Inicio"}]},{"@type":"WebSite","@id":"https:\/\/basatigernika.com\/#website","url":"https:\/\/basatigernika.com\/","name":"Basati Gernika","description":"Bar","publisher":{"@id":"https:\/\/basatigernika.com\/#organization"},"potentialAction":[{"@type":"SearchAction","target":{"@type":"EntryPoint","urlTemplate":"https:\/\/basatigernika.com\/?s={search_term_string}"},"query-input":{"@type":"PropertyValueSpecification","valueRequired":true,"valueName":"search_term_string"}}],"inLanguage":"eu"},{"@type":"Organization","@id":"https:\/\/basatigernika.com\/#organization","name":"Basati Gernika","url":"https:\/\/basatigernika.com\/","logo":{"@type":"ImageObject","inLanguage":"eu","@id":"https:\/\/basatigernika.com\/#\/schema\/logo\/image\/","url":"https:\/\/basatigernika.com\/wp-content\/uploads\/2026\/03\/cropped-Logo-web.png","contentUrl":"https:\/\/basatigernika.com\/wp-content\/uploads\/2026\/03\/cropped-Logo-web.png","width":1909,"height":1906,"caption":"Basati Gernika"},"image":{"@id":"https:\/\/basatigernika.com\/#\/schema\/logo\/image\/"}}]}},"_links":{"self":[{"href":"https:\/\/basatigernika.com\/eu\/wp-json\/wp\/v2\/pages\/9","targetHints":{"allow":["GET"]}}],"collection":[{"href":"https:\/\/basatigernika.com\/eu\/wp-json\/wp\/v2\/pages"}],"about":[{"href":"https:\/\/basatigernika.com\/eu\/wp-json\/wp\/v2\/types\/page"}],"author":[{"embeddable":true,"href":"https:\/\/basatigernika.com\/eu\/wp-json\/wp\/v2\/users\/1"}],"replies":[{"embeddable":true,"href":"https:\/\/basatigernika.com\/eu\/wp-json\/wp\/v2\/comments?post=9"}],"version-history":[{"count":662,"href":"https:\/\/basatigernika.com\/eu\/wp-json\/wp\/v2\/pages\/9\/revisions"}],"predecessor-version":[{"id":3065,"href":"https:\/\/basatigernika.com\/eu\/wp-json\/wp\/v2\/pages\/9\/revisions\/3065"}],"wp:attachment":[{"href":"https:\/\/basatigernika.com\/eu\/wp-json\/wp\/v2\/media?parent=9"}],"curies":[{"name":"wp","href":"https:\/\/api.w.org\/{rel}","templated":true}]}}